{"id":757,"date":"2022-03-08T08:30:17","date_gmt":"2022-03-08T13:30:17","guid":{"rendered":"http:\/\/participacion.asambleanacional.gob.ec\/?page_id=757"},"modified":"2022-08-10T07:56:00","modified_gmt":"2022-08-10T12:56:00","slug":"contactos-2","status":"publish","type":"page","link":"https:\/\/participacion.asambleanacional.gob.ec\/?page_id=757","title":{"rendered":"Contactos"},"content":{"rendered":"\t\t<div data-elementor-type=\"wp-page\" data-elementor-id=\"757\" class=\"elementor elementor-757\" data-elementor-settings=\"[]\">\n\t\t\t\t\t\t\t<div class=\"elementor-section-wrap\">\n\t\t\t\t\t\t\t<section class=\"elementor-section elementor-top-section elementor-element elementor-element-45d1ba04 elementor-section-boxed elementor-section-height-default elementor-section-height-default\" data-id=\"45d1ba04\" data-element_type=\"section\">\n\t\t\t\t\t\t<div class=\"elementor-container elementor-column-gap-default\">\n\t\t\t\t\t<div class=\"elementor-column elementor-col-33 elementor-top-column elementor-element elementor-element-59009fb4\" data-id=\"59009fb4\" data-element_type=\"column\">\n\t\t\t<div class=\"elementor-widget-wrap elementor-element-populated\">\n\t\t\t\t\t\t\t\t<div class=\"elementor-element elementor-element-fb42aec elementor-widget elementor-widget-text-editor\" data-id=\"fb42aec\" data-element_type=\"widget\" data-widget_type=\"text-editor.default\">\n\t\t\t\t<div class=\"elementor-widget-container\">\n\t\t\t\t\t<div class=\"elementor-text-editor elementor-clearfix\"><p><a href=\"http:\/\/participacion.asambleanacional.gob.ec\/\"><img loading=\"lazy\" decoding=\"async\" class=\"alignnone size-medium wp-image-799\" src=\"http:\/\/participacion.asambleanacional.gob.ec\/wp-content\/uploads\/2022\/08\/logo-original-2022-08-300x141.png\" alt=\"\" width=\"300\" height=\"141\" srcset=\"https:\/\/participacion.asambleanacional.gob.ec\/wp-content\/uploads\/2022\/08\/logo-original-2022-08-300x141.png 300w, https:\/\/participacion.asambleanacional.gob.ec\/wp-content\/uploads\/2022\/08\/logo-original-2022-08-1024x481.png 1024w, https:\/\/participacion.asambleanacional.gob.ec\/wp-content\/uploads\/2022\/08\/logo-original-2022-08-768x361.png 768w, https:\/\/participacion.asambleanacional.gob.ec\/wp-content\/uploads\/2022\/08\/logo-original-2022-08-1536x721.png 1536w, https:\/\/participacion.asambleanacional.gob.ec\/wp-content\/uploads\/2022\/08\/logo-original-2022-08-2048x962.png 2048w\" sizes=\"auto, (max-width: 300px) 100vw, 300px\" \/><\/a><\/p><\/div>\n\t\t\t\t<\/div>\n\t\t\t\t<\/div>\n\t\t\t\t\t<\/div>\n\t\t<\/div>\n\t\t\t\t<div class=\"elementor-column elementor-col-66 elementor-top-column elementor-element elementor-element-fbe63bf\" data-id=\"fbe63bf\" data-element_type=\"column\">\n\t\t\t<div class=\"elementor-widget-wrap elementor-element-populated\">\n\t\t\t\t\t\t\t\t<div class=\"elementor-element elementor-element-2f6721e7 elementor-nav-menu--indicator-none elementor-nav-menu--dropdown-tablet elementor-nav-menu__text-align-aside elementor-nav-menu--toggle elementor-nav-menu--burger elementor-widget elementor-widget-nav-menu\" data-id=\"2f6721e7\" data-element_type=\"widget\" data-settings=\"{&quot;layout&quot;:&quot;horizontal&quot;,&quot;toggle&quot;:&quot;burger&quot;}\" data-widget_type=\"nav-menu.default\">\n\t\t\t\t<div class=\"elementor-widget-container\">\n\t\t\t\t\t\t<nav role=\"navigation\" class=\"elementor-nav-menu--main elementor-nav-menu__container elementor-nav-menu--layout-horizontal e--pointer-underline e--animation-fade\"><ul id=\"menu-1-2f6721e7\" class=\"elementor-nav-menu\"><li class=\"menu-item menu-item-type-custom menu-item-object-custom menu-item-2865\"><a href=\"?page_id=1406\" class=\"elementor-item\">Inicio<\/a><\/li>\n<li class=\"menu-item menu-item-type-custom menu-item-object-custom menu-item-has-children menu-item-1567\"><a href=\"#\" class=\"elementor-item elementor-item-anchor\">Coordinaci\u00f3n de Participaci\u00f3n Ciudadana<\/a>\n<ul class=\"sub-menu elementor-nav-menu--dropdown\">\n\t<li class=\"menu-item menu-item-type-post_type menu-item-object-page menu-item-2861\"><a href=\"https:\/\/participacion.asambleanacional.gob.ec\/?page_id=2010\" class=\"elementor-sub-item\">Qui\u00e9nes Somos<\/a><\/li>\n<\/ul>\n<\/li>\n<li class=\"menu-item menu-item-type-post_type menu-item-object-page menu-item-has-children menu-item-3076\"><a href=\"https:\/\/participacion.asambleanacional.gob.ec\/?page_id=2423\" class=\"elementor-item\">Casas Legislativas<\/a>\n<ul class=\"sub-menu elementor-nav-menu--dropdown\">\n\t<li class=\"menu-item menu-item-type-custom menu-item-object-custom menu-item-has-children menu-item-1846\"><a href=\"#\" class=\"elementor-sub-item elementor-item-anchor\">Formularios<\/a>\n\t<ul class=\"sub-menu elementor-nav-menu--dropdown\">\n\t\t<li class=\"menu-item menu-item-type-custom menu-item-object-custom menu-item-1726\"><a href=\"https:\/\/encuestas.asambleanacional.gob.ec\/index.php\/644793?lang=es\" class=\"elementor-sub-item\">Formulario uso de las Casas Legislativas y\/o Bienes<\/a><\/li>\n\t\t<li class=\"menu-item menu-item-type-custom menu-item-object-custom menu-item-1845\"><a href=\"https:\/\/encuestas.asambleanacional.gob.ec\/index.php\/671486?lang=es\" class=\"elementor-sub-item\">Formulario Apoyo En Territorio<\/a><\/li>\n\t\t<li class=\"menu-item menu-item-type-custom menu-item-object-custom menu-item-1847\"><a href=\"https:\/\/encuestas.asambleanacional.gob.ec\/index.php\/792889?lang=es\" class=\"elementor-sub-item\">Formulario Solicitud De Capacitaci\u00f3n<\/a><\/li>\n\t\t<li class=\"menu-item menu-item-type-custom menu-item-object-custom menu-item-1848\"><a href=\"https:\/\/encuestas.asambleanacional.gob.ec\/index.php\/428831?lang=es\" class=\"elementor-sub-item\">Encuesta De Satisfacci\u00f3n Gesti\u00f3n De Casas Legislativas<\/a><\/li>\n\t<\/ul>\n<\/li>\n<\/ul>\n<\/li>\n<li class=\"menu-item menu-item-type-post_type menu-item-object-page menu-item-has-children menu-item-2974\"><a href=\"https:\/\/participacion.asambleanacional.gob.ec\/?page_id=1843\" class=\"elementor-item\">Vinculaci\u00f3n y Participaci\u00f3n<\/a>\n<ul class=\"sub-menu elementor-nav-menu--dropdown\">\n\t<li class=\"menu-item menu-item-type-post_type menu-item-object-page menu-item-has-children menu-item-3159\"><a href=\"https:\/\/participacion.asambleanacional.gob.ec\/?page_id=3071\" class=\"elementor-sub-item\">Mecanismos de Participaci\u00f3n Ciudadana<\/a>\n\t<ul class=\"sub-menu elementor-nav-menu--dropdown\">\n\t\t<li class=\"menu-item menu-item-type-post_type menu-item-object-page menu-item-2981\"><a href=\"https:\/\/participacion.asambleanacional.gob.ec\/?page_id=1933\" class=\"elementor-sub-item\">Consulta Prelegislativa<\/a><\/li>\n\t\t<li class=\"menu-item menu-item-type-post_type menu-item-object-page menu-item-2985\"><a href=\"https:\/\/participacion.asambleanacional.gob.ec\/?page_id=1944\" class=\"elementor-sub-item\">Asamble\u00edsta por un D\u00eda<\/a><\/li>\n\t\t<li class=\"menu-item menu-item-type-post_type menu-item-object-page menu-item-has-children menu-item-2995\"><a href=\"https:\/\/participacion.asambleanacional.gob.ec\/?page_id=1946\" class=\"elementor-sub-item\">Recepci\u00f3n de Sugerencias y Observaciones<\/a>\n\t\t<ul class=\"sub-menu elementor-nav-menu--dropdown\">\n\t\t\t<li class=\"menu-item menu-item-type-post_type menu-item-object-page menu-item-3014\"><a href=\"https:\/\/participacion.asambleanacional.gob.ec\/?page_id=1948\" class=\"elementor-sub-item\">Participacion Ciudadana en Comisiones Generales<\/a><\/li>\n\t\t\t<li class=\"menu-item menu-item-type-post_type menu-item-object-page menu-item-3015\"><a href=\"https:\/\/participacion.asambleanacional.gob.ec\/?page_id=1950\" class=\"elementor-sub-item\">Plataforma Virtual Participa 2.0<\/a><\/li>\n\t\t\t<li class=\"menu-item menu-item-type-post_type menu-item-object-page menu-item-3016\"><a href=\"https:\/\/participacion.asambleanacional.gob.ec\/?page_id=1952\" class=\"elementor-sub-item\">Simulaciones Parlamentarias<\/a><\/li>\n\t\t<\/ul>\n<\/li>\n\t\t<li class=\"menu-item menu-item-type-post_type menu-item-object-page menu-item-3032\"><a href=\"https:\/\/participacion.asambleanacional.gob.ec\/?page_id=1954\" class=\"elementor-sub-item\">Foros de Consulta<\/a><\/li>\n\t\t<li class=\"menu-item menu-item-type-post_type menu-item-object-page menu-item-3036\"><a href=\"https:\/\/participacion.asambleanacional.gob.ec\/?page_id=1956\" class=\"elementor-sub-item\">Mesas Itinerantes<\/a><\/li>\n\t<\/ul>\n<\/li>\n\t<li class=\"menu-item menu-item-type-post_type menu-item-object-page menu-item-has-children menu-item-3043\"><a href=\"https:\/\/participacion.asambleanacional.gob.ec\/?page_id=1931\" class=\"elementor-sub-item\">Mecanismos de Interacci\u00f3n<\/a>\n\t<ul class=\"sub-menu elementor-nav-menu--dropdown\">\n\t\t<li class=\"menu-item menu-item-type-post_type menu-item-object-page menu-item-3044\"><a href=\"https:\/\/participacion.asambleanacional.gob.ec\/?page_id=1958\" class=\"elementor-sub-item\">Ruta Legislativa<\/a><\/li>\n\t\t<li class=\"menu-item menu-item-type-post_type menu-item-object-page menu-item-3048\"><a href=\"https:\/\/participacion.asambleanacional.gob.ec\/?page_id=1961\" class=\"elementor-sub-item\">Visitas Guiadas<\/a><\/li>\n\t<\/ul>\n<\/li>\n<\/ul>\n<\/li>\n<li class=\"menu-item menu-item-type-post_type menu-item-object-page menu-item-has-children menu-item-2885\"><a href=\"https:\/\/participacion.asambleanacional.gob.ec\/?page_id=2070\" class=\"elementor-item\">Escuela Legislativa<\/a>\n<ul class=\"sub-menu elementor-nav-menu--dropdown\">\n\t<li class=\"menu-item menu-item-type-post_type menu-item-object-page menu-item-2895\"><a href=\"https:\/\/participacion.asambleanacional.gob.ec\/?page_id=2136\" class=\"elementor-sub-item\">Convenios Acad\u00e9micos<\/a><\/li>\n\t<li class=\"menu-item menu-item-type-custom menu-item-object-custom menu-item-2208\"><a href=\"#\" class=\"elementor-sub-item elementor-item-anchor\">Capacitaciones<\/a><\/li>\n\t<li class=\"menu-item menu-item-type-post_type menu-item-object-page menu-item-3227\"><a href=\"https:\/\/participacion.asambleanacional.gob.ec\/?page_id=2131\" class=\"elementor-sub-item\">Investigaci\u00f3n Aplicada<\/a><\/li>\n<\/ul>\n<\/li>\n<\/ul><\/nav>\n\t\t\t\t\t<div class=\"elementor-menu-toggle\" role=\"button\" tabindex=\"0\" aria-label=\"Menu Toggle\" aria-expanded=\"false\">\n\t\t\t<i class=\"eicon-menu-bar\" aria-hidden=\"true\"><\/i>\n\t\t\t<span class=\"elementor-screen-only\">Menu<\/span>\n\t\t<\/div>\n\t\t\t<nav class=\"elementor-nav-menu--dropdown elementor-nav-menu__container\" role=\"navigation\" aria-hidden=\"true\"><ul id=\"menu-2-2f6721e7\" class=\"elementor-nav-menu\"><li class=\"menu-item menu-item-type-custom menu-item-object-custom menu-item-2865\"><a href=\"?page_id=1406\" class=\"elementor-item\">Inicio<\/a><\/li>\n<li class=\"menu-item menu-item-type-custom menu-item-object-custom menu-item-has-children menu-item-1567\"><a href=\"#\" class=\"elementor-item elementor-item-anchor\">Coordinaci\u00f3n de Participaci\u00f3n Ciudadana<\/a>\n<ul class=\"sub-menu elementor-nav-menu--dropdown\">\n\t<li class=\"menu-item menu-item-type-post_type menu-item-object-page menu-item-2861\"><a href=\"https:\/\/participacion.asambleanacional.gob.ec\/?page_id=2010\" class=\"elementor-sub-item\">Qui\u00e9nes Somos<\/a><\/li>\n<\/ul>\n<\/li>\n<li class=\"menu-item menu-item-type-post_type menu-item-object-page menu-item-has-children menu-item-3076\"><a href=\"https:\/\/participacion.asambleanacional.gob.ec\/?page_id=2423\" class=\"elementor-item\">Casas Legislativas<\/a>\n<ul class=\"sub-menu elementor-nav-menu--dropdown\">\n\t<li class=\"menu-item menu-item-type-custom menu-item-object-custom menu-item-has-children menu-item-1846\"><a href=\"#\" class=\"elementor-sub-item elementor-item-anchor\">Formularios<\/a>\n\t<ul class=\"sub-menu elementor-nav-menu--dropdown\">\n\t\t<li class=\"menu-item menu-item-type-custom menu-item-object-custom menu-item-1726\"><a href=\"https:\/\/encuestas.asambleanacional.gob.ec\/index.php\/644793?lang=es\" class=\"elementor-sub-item\">Formulario uso de las Casas Legislativas y\/o Bienes<\/a><\/li>\n\t\t<li class=\"menu-item menu-item-type-custom menu-item-object-custom menu-item-1845\"><a href=\"https:\/\/encuestas.asambleanacional.gob.ec\/index.php\/671486?lang=es\" class=\"elementor-sub-item\">Formulario Apoyo En Territorio<\/a><\/li>\n\t\t<li class=\"menu-item menu-item-type-custom menu-item-object-custom menu-item-1847\"><a href=\"https:\/\/encuestas.asambleanacional.gob.ec\/index.php\/792889?lang=es\" class=\"elementor-sub-item\">Formulario Solicitud De Capacitaci\u00f3n<\/a><\/li>\n\t\t<li class=\"menu-item menu-item-type-custom menu-item-object-custom menu-item-1848\"><a href=\"https:\/\/encuestas.asambleanacional.gob.ec\/index.php\/428831?lang=es\" class=\"elementor-sub-item\">Encuesta De Satisfacci\u00f3n Gesti\u00f3n De Casas Legislativas<\/a><\/li>\n\t<\/ul>\n<\/li>\n<\/ul>\n<\/li>\n<li class=\"menu-item menu-item-type-post_type menu-item-object-page menu-item-has-children menu-item-2974\"><a href=\"https:\/\/participacion.asambleanacional.gob.ec\/?page_id=1843\" class=\"elementor-item\">Vinculaci\u00f3n y Participaci\u00f3n<\/a>\n<ul class=\"sub-menu elementor-nav-menu--dropdown\">\n\t<li class=\"menu-item menu-item-type-post_type menu-item-object-page menu-item-has-children menu-item-3159\"><a href=\"https:\/\/participacion.asambleanacional.gob.ec\/?page_id=3071\" class=\"elementor-sub-item\">Mecanismos de Participaci\u00f3n Ciudadana<\/a>\n\t<ul class=\"sub-menu elementor-nav-menu--dropdown\">\n\t\t<li class=\"menu-item menu-item-type-post_type menu-item-object-page menu-item-2981\"><a href=\"https:\/\/participacion.asambleanacional.gob.ec\/?page_id=1933\" class=\"elementor-sub-item\">Consulta Prelegislativa<\/a><\/li>\n\t\t<li class=\"menu-item menu-item-type-post_type menu-item-object-page menu-item-2985\"><a href=\"https:\/\/participacion.asambleanacional.gob.ec\/?page_id=1944\" class=\"elementor-sub-item\">Asamble\u00edsta por un D\u00eda<\/a><\/li>\n\t\t<li class=\"menu-item menu-item-type-post_type menu-item-object-page menu-item-has-children menu-item-2995\"><a href=\"https:\/\/participacion.asambleanacional.gob.ec\/?page_id=1946\" class=\"elementor-sub-item\">Recepci\u00f3n de Sugerencias y Observaciones<\/a>\n\t\t<ul class=\"sub-menu elementor-nav-menu--dropdown\">\n\t\t\t<li class=\"menu-item menu-item-type-post_type menu-item-object-page menu-item-3014\"><a href=\"https:\/\/participacion.asambleanacional.gob.ec\/?page_id=1948\" class=\"elementor-sub-item\">Participacion Ciudadana en Comisiones Generales<\/a><\/li>\n\t\t\t<li class=\"menu-item menu-item-type-post_type menu-item-object-page menu-item-3015\"><a href=\"https:\/\/participacion.asambleanacional.gob.ec\/?page_id=1950\" class=\"elementor-sub-item\">Plataforma Virtual Participa 2.0<\/a><\/li>\n\t\t\t<li class=\"menu-item menu-item-type-post_type menu-item-object-page menu-item-3016\"><a href=\"https:\/\/participacion.asambleanacional.gob.ec\/?page_id=1952\" class=\"elementor-sub-item\">Simulaciones Parlamentarias<\/a><\/li>\n\t\t<\/ul>\n<\/li>\n\t\t<li class=\"menu-item menu-item-type-post_type menu-item-object-page menu-item-3032\"><a href=\"https:\/\/participacion.asambleanacional.gob.ec\/?page_id=1954\" class=\"elementor-sub-item\">Foros de Consulta<\/a><\/li>\n\t\t<li class=\"menu-item menu-item-type-post_type menu-item-object-page menu-item-3036\"><a href=\"https:\/\/participacion.asambleanacional.gob.ec\/?page_id=1956\" class=\"elementor-sub-item\">Mesas Itinerantes<\/a><\/li>\n\t<\/ul>\n<\/li>\n\t<li class=\"menu-item menu-item-type-post_type menu-item-object-page menu-item-has-children menu-item-3043\"><a href=\"https:\/\/participacion.asambleanacional.gob.ec\/?page_id=1931\" class=\"elementor-sub-item\">Mecanismos de Interacci\u00f3n<\/a>\n\t<ul class=\"sub-menu elementor-nav-menu--dropdown\">\n\t\t<li class=\"menu-item menu-item-type-post_type menu-item-object-page menu-item-3044\"><a href=\"https:\/\/participacion.asambleanacional.gob.ec\/?page_id=1958\" class=\"elementor-sub-item\">Ruta Legislativa<\/a><\/li>\n\t\t<li class=\"menu-item menu-item-type-post_type menu-item-object-page menu-item-3048\"><a href=\"https:\/\/participacion.asambleanacional.gob.ec\/?page_id=1961\" class=\"elementor-sub-item\">Visitas Guiadas<\/a><\/li>\n\t<\/ul>\n<\/li>\n<\/ul>\n<\/li>\n<li class=\"menu-item menu-item-type-post_type menu-item-object-page menu-item-has-children menu-item-2885\"><a href=\"https:\/\/participacion.asambleanacional.gob.ec\/?page_id=2070\" class=\"elementor-item\">Escuela Legislativa<\/a>\n<ul class=\"sub-menu elementor-nav-menu--dropdown\">\n\t<li class=\"menu-item menu-item-type-post_type menu-item-object-page menu-item-2895\"><a href=\"https:\/\/participacion.asambleanacional.gob.ec\/?page_id=2136\" class=\"elementor-sub-item\">Convenios Acad\u00e9micos<\/a><\/li>\n\t<li class=\"menu-item menu-item-type-custom menu-item-object-custom menu-item-2208\"><a href=\"#\" class=\"elementor-sub-item elementor-item-anchor\">Capacitaciones<\/a><\/li>\n\t<li class=\"menu-item menu-item-type-post_type menu-item-object-page menu-item-3227\"><a href=\"https:\/\/participacion.asambleanacional.gob.ec\/?page_id=2131\" class=\"elementor-sub-item\">Investigaci\u00f3n Aplicada<\/a><\/li>\n<\/ul>\n<\/li>\n<\/ul><\/nav>\n\t\t\t\t<\/div>\n\t\t\t\t<\/div>\n\t\t\t\t\t<\/div>\n\t\t<\/div>\n\t\t\t\t\t\t\t<\/div>\n\t\t<\/section>\n\t\t\t\t<section class=\"elementor-section elementor-top-section elementor-element elementor-element-763f36be elementor-section-boxed elementor-section-height-default elementor-section-height-default\" data-id=\"763f36be\" data-element_type=\"section\">\n\t\t\t\t\t\t<div class=\"elementor-container elementor-column-gap-default\">\n\t\t\t\t\t<div class=\"elementor-column elementor-col-100 elementor-top-column elementor-element elementor-element-2d25f6b1\" data-id=\"2d25f6b1\" data-element_type=\"column\">\n\t\t\t<div class=\"elementor-widget-wrap elementor-element-populated\">\n\t\t\t\t\t\t\t\t<div class=\"elementor-element elementor-element-50a3c420 elementor-widget elementor-widget-heading\" data-id=\"50a3c420\" data-element_type=\"widget\" data-widget_type=\"heading.default\">\n\t\t\t\t<div class=\"elementor-widget-container\">\n\t\t\t<h2 class=\"elementor-heading-title elementor-size-default\">Contactos<\/h2>\t\t<\/div>\n\t\t\t\t<\/div>\n\t\t\t\t\t<\/div>\n\t\t<\/div>\n\t\t\t\t\t\t\t<\/div>\n\t\t<\/section>\n\t\t\t\t<section class=\"elementor-section elementor-top-section elementor-element elementor-element-3916884 elementor-section-boxed elementor-section-height-default elementor-section-height-default\" data-id=\"3916884\" data-element_type=\"section\">\n\t\t\t\t\t\t<div class=\"elementor-container elementor-column-gap-default\">\n\t\t\t\t\t<div class=\"elementor-column elementor-col-100 elementor-top-column elementor-element elementor-element-790014d0\" data-id=\"790014d0\" data-element_type=\"column\">\n\t\t\t<div class=\"elementor-widget-wrap elementor-element-populated\">\n\t\t\t\t\t\t\t\t<div class=\"elementor-element elementor-element-572eb904 elementor-widget elementor-widget-text-editor\" data-id=\"572eb904\" data-element_type=\"widget\" data-widget_type=\"text-editor.default\">\n\t\t\t\t<div class=\"elementor-widget-container\">\n\t\t\t\t\t<div class=\"elementor-text-editor elementor-clearfix\"><strong>Informaci\u00f3n personal del personal de la Escuela Legislativa<\/strong><strong>\u00a0<\/strong>\n<table>\n<tbody>\n<tr>\n<td width=\"166\"><strong>Nombres<\/strong><\/td>\n<td width=\"122\"><strong>Cargo<\/strong><\/td>\n<td width=\"211\"><strong>Correo institucional<\/strong><\/td>\n<td width=\"125\"><strong>Celular<\/strong><\/td>\n<\/tr>\n\n<tr>\n<td width=\"166\">Paola Lizeth Caisapanta<\/td>\n<td width=\"122\">Secretaria<\/td>\n<td width=\"211\">paola.caisapanta@asambleanacional.gob.ec<\/td>\n<td width=\"125\">0984948922<\/td>\n<\/tr>\n<tr>\n<td width=\"166\">Karina Viviana Wisum<\/td>\n<td width=\"122\">Asistente Administrativa<\/td>\n<td width=\"211\">karina.wisum@asambleanacional.gob.ec<\/td>\n<td width=\"125\">0998430649<\/td>\n<\/tr>\n<tr>\n<td width=\"166\">Yajaira Yampik<\/td>\n<td width=\"122\"><\/td>\n<td width=\"211\">yajaira.yampik@asambleanacional.gob.ec<\/td>\n<td width=\"125\"><\/td>\n<\/tr>\n<tr>\n<td width=\"166\">Norma Iza Campos<\/td>\n<td width=\"122\">\u00c1rea de Capacitaci\u00f3n<\/td>\n<td width=\"211\">norma.iza@asambleanacional.gob.ec<\/td>\n<td width=\"125\">0983334105<\/td>\n<\/tr>\n<tr>\n<td width=\"166\">Dolores Jim\u00e9nez Mendoza<\/td>\n<td width=\"122\">\u00c1rea de Capacitaci\u00f3n<\/td>\n<td width=\"211\">dolores.jimenez@asambleanacional.gob.ec<\/td>\n<td width=\"125\">0986515392<\/td>\n<\/tr>\n<tr>\n<td width=\"166\">Santos Vargas<\/td>\n<td width=\"122\">\u00c1rea de Capacitaci\u00f3n<\/td>\n<td width=\"211\">santos.vargas@asambleanacional.gob.ec<\/td>\n<td width=\"125\">0939296572<\/td>\n<\/tr>\n<tr>\n<td width=\"166\">Flavio Mora<\/td>\n<td width=\"122\">\u00c1rea de Capacitaci\u00f3n<\/td>\n<td width=\"211\">flavio.mora@asambleanacional.gob.ec<\/td>\n<td width=\"125\">0992715547<\/td>\n<\/tr>\n<\/tbody>\n<\/table><\/div>\n\t\t\t\t<\/div>\n\t\t\t\t<\/div>\n\t\t\t\t\t<\/div>\n\t\t<\/div>\n\t\t\t\t\t\t\t<\/div>\n\t\t<\/section>\n\t\t\t\t\t\t<\/div>\n\t\t\t\t\t<\/div>\n\t\t","protected":false},"excerpt":{"rendered":"<p>Contactos Informaci\u00f3n personal del personal de la Escuela Legislativa\u00a0 Nombres Cargo Correo institucional Celular Paola Lizeth Caisapanta Secretaria paola.caisapanta@asambleanacional.gob.ec 0984948922 Karina Viviana Wisum Asistente Administrativa karina.wisum@asambleanacional.gob.ec 0998430649 Yajaira Yampik yajaira.yampik@asambleanacional.gob.ec Norma Iza Campos \u00c1rea de Capacitaci\u00f3n norma.iza@asambleanacional.gob.ec 0983334105 Dolores Jim\u00e9nez Mendoza \u00c1rea de Capacitaci\u00f3n dolores.jimenez@asambleanacional.gob.ec 0986515392 Santos Vargas \u00c1rea de Capacitaci\u00f3n santos.vargas@asambleanacional.gob.ec 0939296572 Flavio Mora [&hellip;]<\/p>\n","protected":false},"author":1,"featured_media":0,"parent":0,"menu_order":0,"comment_status":"closed","ping_status":"closed","template":"","meta":{"footnotes":""},"class_list":["post-757","page","type-page","status-publish","hentry"],"_links":{"self":[{"href":"https:\/\/participacion.asambleanacional.gob.ec\/index.php?rest_route=\/wp\/v2\/pages\/757","targetHints":{"allow":["GET"]}}],"collection":[{"href":"https:\/\/participacion.asambleanacional.gob.ec\/index.php?rest_route=\/wp\/v2\/pages"}],"about":[{"href":"https:\/\/participacion.asambleanacional.gob.ec\/index.php?rest_route=\/wp\/v2\/types\/page"}],"author":[{"embeddable":true,"href":"https:\/\/participacion.asambleanacional.gob.ec\/index.php?rest_route=\/wp\/v2\/users\/1"}],"replies":[{"embeddable":true,"href":"https:\/\/participacion.asambleanacional.gob.ec\/index.php?rest_route=%2Fwp%2Fv2%2Fcomments&post=757"}],"version-history":[{"count":22,"href":"https:\/\/participacion.asambleanacional.gob.ec\/index.php?rest_route=\/wp\/v2\/pages\/757\/revisions"}],"predecessor-version":[{"id":820,"href":"https:\/\/participacion.asambleanacional.gob.ec\/index.php?rest_route=\/wp\/v2\/pages\/757\/revisions\/820"}],"wp:attachment":[{"href":"https:\/\/participacion.asambleanacional.gob.ec\/index.php?rest_route=%2Fwp%2Fv2%2Fmedia&parent=757"}],"curies":[{"name":"wp","href":"https:\/\/api.w.org\/{rel}","templated":true}]}}