{"id":739,"date":"2022-03-07T17:31:12","date_gmt":"2022-03-07T22:31:12","guid":{"rendered":"http:\/\/participacion.asambleanacional.gob.ec\/?page_id=739"},"modified":"2022-08-10T07:54:49","modified_gmt":"2022-08-10T12:54:49","slug":"%ef%bf%bcprogramas-de-capacitacion","status":"publish","type":"page","link":"https:\/\/participacion.asambleanacional.gob.ec\/?page_id=739","title":{"rendered":"Programas de capacitaci\u00f3n"},"content":{"rendered":"\t\t<div data-elementor-type=\"wp-page\" data-elementor-id=\"739\" class=\"elementor elementor-739\" data-elementor-settings=\"[]\">\n\t\t\t\t\t\t\t<div class=\"elementor-section-wrap\">\n\t\t\t\t\t\t\t<section class=\"elementor-section elementor-top-section elementor-element elementor-element-568597ac elementor-section-boxed elementor-section-height-default elementor-section-height-default\" data-id=\"568597ac\" data-element_type=\"section\">\n\t\t\t\t\t\t<div class=\"elementor-container elementor-column-gap-default\">\n\t\t\t\t\t<div class=\"elementor-column elementor-col-33 elementor-top-column elementor-element elementor-element-d9443fd\" data-id=\"d9443fd\" data-element_type=\"column\">\n\t\t\t<div class=\"elementor-widget-wrap elementor-element-populated\">\n\t\t\t\t\t\t\t\t<div class=\"elementor-element elementor-element-6d92238e elementor-widget elementor-widget-text-editor\" data-id=\"6d92238e\" data-element_type=\"widget\" data-widget_type=\"text-editor.default\">\n\t\t\t\t<div class=\"elementor-widget-container\">\n\t\t\t\t\t<div class=\"elementor-text-editor elementor-clearfix\"><p><a href=\"http:\/\/participacion.asambleanacional.gob.ec\/\"><img loading=\"lazy\" decoding=\"async\" class=\"alignnone size-medium wp-image-799\" src=\"http:\/\/participacion.asambleanacional.gob.ec\/wp-content\/uploads\/2022\/08\/logo-original-2022-08-300x141.png\" alt=\"\" width=\"300\" height=\"141\" srcset=\"https:\/\/participacion.asambleanacional.gob.ec\/wp-content\/uploads\/2022\/08\/logo-original-2022-08-300x141.png 300w, https:\/\/participacion.asambleanacional.gob.ec\/wp-content\/uploads\/2022\/08\/logo-original-2022-08-1024x481.png 1024w, https:\/\/participacion.asambleanacional.gob.ec\/wp-content\/uploads\/2022\/08\/logo-original-2022-08-768x361.png 768w, https:\/\/participacion.asambleanacional.gob.ec\/wp-content\/uploads\/2022\/08\/logo-original-2022-08-1536x721.png 1536w, https:\/\/participacion.asambleanacional.gob.ec\/wp-content\/uploads\/2022\/08\/logo-original-2022-08-2048x962.png 2048w\" sizes=\"auto, (max-width: 300px) 100vw, 300px\" \/><\/a><\/p><\/div>\n\t\t\t\t<\/div>\n\t\t\t\t<\/div>\n\t\t\t\t\t<\/div>\n\t\t<\/div>\n\t\t\t\t<div class=\"elementor-column elementor-col-66 elementor-top-column elementor-element elementor-element-36f1e95\" data-id=\"36f1e95\" data-element_type=\"column\">\n\t\t\t<div class=\"elementor-widget-wrap elementor-element-populated\">\n\t\t\t\t\t\t\t\t<div class=\"elementor-element elementor-element-229c1765 elementor-nav-menu--indicator-none elementor-nav-menu--dropdown-tablet elementor-nav-menu__text-align-aside elementor-nav-menu--toggle elementor-nav-menu--burger elementor-widget elementor-widget-nav-menu\" data-id=\"229c1765\" data-element_type=\"widget\" data-settings=\"{&quot;layout&quot;:&quot;horizontal&quot;,&quot;toggle&quot;:&quot;burger&quot;}\" data-widget_type=\"nav-menu.default\">\n\t\t\t\t<div class=\"elementor-widget-container\">\n\t\t\t\t\t\t<nav role=\"navigation\" class=\"elementor-nav-menu--main elementor-nav-menu__container elementor-nav-menu--layout-horizontal e--pointer-underline e--animation-fade\"><ul id=\"menu-1-229c1765\" class=\"elementor-nav-menu\"><li class=\"menu-item menu-item-type-custom menu-item-object-custom menu-item-2865\"><a href=\"?page_id=1406\" class=\"elementor-item\">Inicio<\/a><\/li>\n<li class=\"menu-item menu-item-type-custom menu-item-object-custom menu-item-has-children menu-item-1567\"><a href=\"#\" class=\"elementor-item elementor-item-anchor\">Coordinaci\u00f3n de Participaci\u00f3n Ciudadana<\/a>\n<ul class=\"sub-menu elementor-nav-menu--dropdown\">\n\t<li class=\"menu-item menu-item-type-post_type menu-item-object-page menu-item-2861\"><a href=\"https:\/\/participacion.asambleanacional.gob.ec\/?page_id=2010\" class=\"elementor-sub-item\">Qui\u00e9nes Somos<\/a><\/li>\n<\/ul>\n<\/li>\n<li class=\"menu-item menu-item-type-post_type menu-item-object-page menu-item-has-children menu-item-3076\"><a href=\"https:\/\/participacion.asambleanacional.gob.ec\/?page_id=2423\" class=\"elementor-item\">Casas Legislativas<\/a>\n<ul class=\"sub-menu elementor-nav-menu--dropdown\">\n\t<li class=\"menu-item menu-item-type-custom menu-item-object-custom menu-item-has-children menu-item-1846\"><a href=\"#\" class=\"elementor-sub-item elementor-item-anchor\">Formularios<\/a>\n\t<ul class=\"sub-menu elementor-nav-menu--dropdown\">\n\t\t<li class=\"menu-item menu-item-type-custom menu-item-object-custom menu-item-1726\"><a href=\"https:\/\/encuestas.asambleanacional.gob.ec\/index.php\/644793?lang=es\" class=\"elementor-sub-item\">Formulario uso de las Casas Legislativas y\/o Bienes<\/a><\/li>\n\t\t<li class=\"menu-item menu-item-type-custom menu-item-object-custom menu-item-1845\"><a href=\"https:\/\/encuestas.asambleanacional.gob.ec\/index.php\/671486?lang=es\" class=\"elementor-sub-item\">Formulario Apoyo En Territorio<\/a><\/li>\n\t\t<li class=\"menu-item menu-item-type-custom menu-item-object-custom menu-item-1847\"><a href=\"https:\/\/encuestas.asambleanacional.gob.ec\/index.php\/792889?lang=es\" class=\"elementor-sub-item\">Formulario Solicitud De Capacitaci\u00f3n<\/a><\/li>\n\t\t<li class=\"menu-item menu-item-type-custom menu-item-object-custom menu-item-1848\"><a href=\"https:\/\/encuestas.asambleanacional.gob.ec\/index.php\/428831?lang=es\" class=\"elementor-sub-item\">Encuesta De Satisfacci\u00f3n Gesti\u00f3n De Casas Legislativas<\/a><\/li>\n\t<\/ul>\n<\/li>\n<\/ul>\n<\/li>\n<li class=\"menu-item menu-item-type-post_type menu-item-object-page menu-item-has-children menu-item-2974\"><a href=\"https:\/\/participacion.asambleanacional.gob.ec\/?page_id=1843\" class=\"elementor-item\">Vinculaci\u00f3n y Participaci\u00f3n<\/a>\n<ul class=\"sub-menu elementor-nav-menu--dropdown\">\n\t<li class=\"menu-item menu-item-type-post_type menu-item-object-page menu-item-has-children menu-item-3159\"><a href=\"https:\/\/participacion.asambleanacional.gob.ec\/?page_id=3071\" class=\"elementor-sub-item\">Mecanismos de Participaci\u00f3n Ciudadana<\/a>\n\t<ul class=\"sub-menu elementor-nav-menu--dropdown\">\n\t\t<li class=\"menu-item menu-item-type-post_type menu-item-object-page menu-item-2981\"><a href=\"https:\/\/participacion.asambleanacional.gob.ec\/?page_id=1933\" class=\"elementor-sub-item\">Consulta Prelegislativa<\/a><\/li>\n\t\t<li class=\"menu-item menu-item-type-post_type menu-item-object-page menu-item-2985\"><a href=\"https:\/\/participacion.asambleanacional.gob.ec\/?page_id=1944\" class=\"elementor-sub-item\">Asamble\u00edsta por un D\u00eda<\/a><\/li>\n\t\t<li class=\"menu-item menu-item-type-post_type menu-item-object-page menu-item-has-children menu-item-2995\"><a href=\"https:\/\/participacion.asambleanacional.gob.ec\/?page_id=1946\" class=\"elementor-sub-item\">Recepci\u00f3n de Sugerencias y Observaciones<\/a>\n\t\t<ul class=\"sub-menu elementor-nav-menu--dropdown\">\n\t\t\t<li class=\"menu-item menu-item-type-post_type menu-item-object-page menu-item-3014\"><a href=\"https:\/\/participacion.asambleanacional.gob.ec\/?page_id=1948\" class=\"elementor-sub-item\">Participacion Ciudadana en Comisiones Generales<\/a><\/li>\n\t\t\t<li class=\"menu-item menu-item-type-post_type menu-item-object-page menu-item-3015\"><a href=\"https:\/\/participacion.asambleanacional.gob.ec\/?page_id=1950\" class=\"elementor-sub-item\">Plataforma Virtual Participa 2.0<\/a><\/li>\n\t\t\t<li class=\"menu-item menu-item-type-post_type menu-item-object-page menu-item-3016\"><a href=\"https:\/\/participacion.asambleanacional.gob.ec\/?page_id=1952\" class=\"elementor-sub-item\">Simulaciones Parlamentarias<\/a><\/li>\n\t\t<\/ul>\n<\/li>\n\t\t<li class=\"menu-item menu-item-type-post_type menu-item-object-page menu-item-3032\"><a href=\"https:\/\/participacion.asambleanacional.gob.ec\/?page_id=1954\" class=\"elementor-sub-item\">Foros de Consulta<\/a><\/li>\n\t\t<li class=\"menu-item menu-item-type-post_type menu-item-object-page menu-item-3036\"><a href=\"https:\/\/participacion.asambleanacional.gob.ec\/?page_id=1956\" class=\"elementor-sub-item\">Mesas Itinerantes<\/a><\/li>\n\t<\/ul>\n<\/li>\n\t<li class=\"menu-item menu-item-type-post_type menu-item-object-page menu-item-has-children menu-item-3043\"><a href=\"https:\/\/participacion.asambleanacional.gob.ec\/?page_id=1931\" class=\"elementor-sub-item\">Mecanismos de Interacci\u00f3n<\/a>\n\t<ul class=\"sub-menu elementor-nav-menu--dropdown\">\n\t\t<li class=\"menu-item menu-item-type-post_type menu-item-object-page menu-item-3044\"><a href=\"https:\/\/participacion.asambleanacional.gob.ec\/?page_id=1958\" class=\"elementor-sub-item\">Ruta Legislativa<\/a><\/li>\n\t\t<li class=\"menu-item menu-item-type-post_type menu-item-object-page menu-item-3048\"><a href=\"https:\/\/participacion.asambleanacional.gob.ec\/?page_id=1961\" class=\"elementor-sub-item\">Visitas Guiadas<\/a><\/li>\n\t<\/ul>\n<\/li>\n<\/ul>\n<\/li>\n<li class=\"menu-item menu-item-type-post_type menu-item-object-page menu-item-has-children menu-item-2885\"><a href=\"https:\/\/participacion.asambleanacional.gob.ec\/?page_id=2070\" class=\"elementor-item\">Escuela Legislativa<\/a>\n<ul class=\"sub-menu elementor-nav-menu--dropdown\">\n\t<li class=\"menu-item menu-item-type-post_type menu-item-object-page menu-item-2895\"><a href=\"https:\/\/participacion.asambleanacional.gob.ec\/?page_id=2136\" class=\"elementor-sub-item\">Convenios Acad\u00e9micos<\/a><\/li>\n\t<li class=\"menu-item menu-item-type-custom menu-item-object-custom menu-item-2208\"><a href=\"#\" class=\"elementor-sub-item elementor-item-anchor\">Capacitaciones<\/a><\/li>\n\t<li class=\"menu-item menu-item-type-post_type menu-item-object-page menu-item-3227\"><a href=\"https:\/\/participacion.asambleanacional.gob.ec\/?page_id=2131\" class=\"elementor-sub-item\">Investigaci\u00f3n Aplicada<\/a><\/li>\n<\/ul>\n<\/li>\n<\/ul><\/nav>\n\t\t\t\t\t<div class=\"elementor-menu-toggle\" role=\"button\" tabindex=\"0\" aria-label=\"Menu Toggle\" aria-expanded=\"false\">\n\t\t\t<i class=\"eicon-menu-bar\" aria-hidden=\"true\"><\/i>\n\t\t\t<span class=\"elementor-screen-only\">Menu<\/span>\n\t\t<\/div>\n\t\t\t<nav class=\"elementor-nav-menu--dropdown elementor-nav-menu__container\" role=\"navigation\" aria-hidden=\"true\"><ul id=\"menu-2-229c1765\" class=\"elementor-nav-menu\"><li class=\"menu-item menu-item-type-custom menu-item-object-custom menu-item-2865\"><a href=\"?page_id=1406\" class=\"elementor-item\">Inicio<\/a><\/li>\n<li class=\"menu-item menu-item-type-custom menu-item-object-custom menu-item-has-children menu-item-1567\"><a href=\"#\" class=\"elementor-item elementor-item-anchor\">Coordinaci\u00f3n de Participaci\u00f3n Ciudadana<\/a>\n<ul class=\"sub-menu elementor-nav-menu--dropdown\">\n\t<li class=\"menu-item menu-item-type-post_type menu-item-object-page menu-item-2861\"><a href=\"https:\/\/participacion.asambleanacional.gob.ec\/?page_id=2010\" class=\"elementor-sub-item\">Qui\u00e9nes Somos<\/a><\/li>\n<\/ul>\n<\/li>\n<li class=\"menu-item menu-item-type-post_type menu-item-object-page menu-item-has-children menu-item-3076\"><a href=\"https:\/\/participacion.asambleanacional.gob.ec\/?page_id=2423\" class=\"elementor-item\">Casas Legislativas<\/a>\n<ul class=\"sub-menu elementor-nav-menu--dropdown\">\n\t<li class=\"menu-item menu-item-type-custom menu-item-object-custom menu-item-has-children menu-item-1846\"><a href=\"#\" class=\"elementor-sub-item elementor-item-anchor\">Formularios<\/a>\n\t<ul class=\"sub-menu elementor-nav-menu--dropdown\">\n\t\t<li class=\"menu-item menu-item-type-custom menu-item-object-custom menu-item-1726\"><a href=\"https:\/\/encuestas.asambleanacional.gob.ec\/index.php\/644793?lang=es\" class=\"elementor-sub-item\">Formulario uso de las Casas Legislativas y\/o Bienes<\/a><\/li>\n\t\t<li class=\"menu-item menu-item-type-custom menu-item-object-custom menu-item-1845\"><a href=\"https:\/\/encuestas.asambleanacional.gob.ec\/index.php\/671486?lang=es\" class=\"elementor-sub-item\">Formulario Apoyo En Territorio<\/a><\/li>\n\t\t<li class=\"menu-item menu-item-type-custom menu-item-object-custom menu-item-1847\"><a href=\"https:\/\/encuestas.asambleanacional.gob.ec\/index.php\/792889?lang=es\" class=\"elementor-sub-item\">Formulario Solicitud De Capacitaci\u00f3n<\/a><\/li>\n\t\t<li class=\"menu-item menu-item-type-custom menu-item-object-custom menu-item-1848\"><a href=\"https:\/\/encuestas.asambleanacional.gob.ec\/index.php\/428831?lang=es\" class=\"elementor-sub-item\">Encuesta De Satisfacci\u00f3n Gesti\u00f3n De Casas Legislativas<\/a><\/li>\n\t<\/ul>\n<\/li>\n<\/ul>\n<\/li>\n<li class=\"menu-item menu-item-type-post_type menu-item-object-page menu-item-has-children menu-item-2974\"><a href=\"https:\/\/participacion.asambleanacional.gob.ec\/?page_id=1843\" class=\"elementor-item\">Vinculaci\u00f3n y Participaci\u00f3n<\/a>\n<ul class=\"sub-menu elementor-nav-menu--dropdown\">\n\t<li class=\"menu-item menu-item-type-post_type menu-item-object-page menu-item-has-children menu-item-3159\"><a href=\"https:\/\/participacion.asambleanacional.gob.ec\/?page_id=3071\" class=\"elementor-sub-item\">Mecanismos de Participaci\u00f3n Ciudadana<\/a>\n\t<ul class=\"sub-menu elementor-nav-menu--dropdown\">\n\t\t<li class=\"menu-item menu-item-type-post_type menu-item-object-page menu-item-2981\"><a href=\"https:\/\/participacion.asambleanacional.gob.ec\/?page_id=1933\" class=\"elementor-sub-item\">Consulta Prelegislativa<\/a><\/li>\n\t\t<li class=\"menu-item menu-item-type-post_type menu-item-object-page menu-item-2985\"><a href=\"https:\/\/participacion.asambleanacional.gob.ec\/?page_id=1944\" class=\"elementor-sub-item\">Asamble\u00edsta por un D\u00eda<\/a><\/li>\n\t\t<li class=\"menu-item menu-item-type-post_type menu-item-object-page menu-item-has-children menu-item-2995\"><a href=\"https:\/\/participacion.asambleanacional.gob.ec\/?page_id=1946\" class=\"elementor-sub-item\">Recepci\u00f3n de Sugerencias y Observaciones<\/a>\n\t\t<ul class=\"sub-menu elementor-nav-menu--dropdown\">\n\t\t\t<li class=\"menu-item menu-item-type-post_type menu-item-object-page menu-item-3014\"><a href=\"https:\/\/participacion.asambleanacional.gob.ec\/?page_id=1948\" class=\"elementor-sub-item\">Participacion Ciudadana en Comisiones Generales<\/a><\/li>\n\t\t\t<li class=\"menu-item menu-item-type-post_type menu-item-object-page menu-item-3015\"><a href=\"https:\/\/participacion.asambleanacional.gob.ec\/?page_id=1950\" class=\"elementor-sub-item\">Plataforma Virtual Participa 2.0<\/a><\/li>\n\t\t\t<li class=\"menu-item menu-item-type-post_type menu-item-object-page menu-item-3016\"><a href=\"https:\/\/participacion.asambleanacional.gob.ec\/?page_id=1952\" class=\"elementor-sub-item\">Simulaciones Parlamentarias<\/a><\/li>\n\t\t<\/ul>\n<\/li>\n\t\t<li class=\"menu-item menu-item-type-post_type menu-item-object-page menu-item-3032\"><a href=\"https:\/\/participacion.asambleanacional.gob.ec\/?page_id=1954\" class=\"elementor-sub-item\">Foros de Consulta<\/a><\/li>\n\t\t<li class=\"menu-item menu-item-type-post_type menu-item-object-page menu-item-3036\"><a href=\"https:\/\/participacion.asambleanacional.gob.ec\/?page_id=1956\" class=\"elementor-sub-item\">Mesas Itinerantes<\/a><\/li>\n\t<\/ul>\n<\/li>\n\t<li class=\"menu-item menu-item-type-post_type menu-item-object-page menu-item-has-children menu-item-3043\"><a href=\"https:\/\/participacion.asambleanacional.gob.ec\/?page_id=1931\" class=\"elementor-sub-item\">Mecanismos de Interacci\u00f3n<\/a>\n\t<ul class=\"sub-menu elementor-nav-menu--dropdown\">\n\t\t<li class=\"menu-item menu-item-type-post_type menu-item-object-page menu-item-3044\"><a href=\"https:\/\/participacion.asambleanacional.gob.ec\/?page_id=1958\" class=\"elementor-sub-item\">Ruta Legislativa<\/a><\/li>\n\t\t<li class=\"menu-item menu-item-type-post_type menu-item-object-page menu-item-3048\"><a href=\"https:\/\/participacion.asambleanacional.gob.ec\/?page_id=1961\" class=\"elementor-sub-item\">Visitas Guiadas<\/a><\/li>\n\t<\/ul>\n<\/li>\n<\/ul>\n<\/li>\n<li class=\"menu-item menu-item-type-post_type menu-item-object-page menu-item-has-children menu-item-2885\"><a href=\"https:\/\/participacion.asambleanacional.gob.ec\/?page_id=2070\" class=\"elementor-item\">Escuela Legislativa<\/a>\n<ul class=\"sub-menu elementor-nav-menu--dropdown\">\n\t<li class=\"menu-item menu-item-type-post_type menu-item-object-page menu-item-2895\"><a href=\"https:\/\/participacion.asambleanacional.gob.ec\/?page_id=2136\" class=\"elementor-sub-item\">Convenios Acad\u00e9micos<\/a><\/li>\n\t<li class=\"menu-item menu-item-type-custom menu-item-object-custom menu-item-2208\"><a href=\"#\" class=\"elementor-sub-item elementor-item-anchor\">Capacitaciones<\/a><\/li>\n\t<li class=\"menu-item menu-item-type-post_type menu-item-object-page menu-item-3227\"><a href=\"https:\/\/participacion.asambleanacional.gob.ec\/?page_id=2131\" class=\"elementor-sub-item\">Investigaci\u00f3n Aplicada<\/a><\/li>\n<\/ul>\n<\/li>\n<\/ul><\/nav>\n\t\t\t\t<\/div>\n\t\t\t\t<\/div>\n\t\t\t\t\t<\/div>\n\t\t<\/div>\n\t\t\t\t\t\t\t<\/div>\n\t\t<\/section>\n\t\t\t\t<section class=\"elementor-section elementor-top-section elementor-element elementor-element-3c3c7c76 elementor-section-boxed elementor-section-height-default elementor-section-height-default\" data-id=\"3c3c7c76\" data-element_type=\"section\">\n\t\t\t\t\t\t<div class=\"elementor-container elementor-column-gap-default\">\n\t\t\t\t\t<div class=\"elementor-column elementor-col-100 elementor-top-column elementor-element elementor-element-7aea9d69\" data-id=\"7aea9d69\" data-element_type=\"column\">\n\t\t\t<div class=\"elementor-widget-wrap elementor-element-populated\">\n\t\t\t\t\t\t\t\t<div class=\"elementor-element elementor-element-38f3f257 elementor-widget elementor-widget-heading\" data-id=\"38f3f257\" data-element_type=\"widget\" data-widget_type=\"heading.default\">\n\t\t\t\t<div class=\"elementor-widget-container\">\n\t\t\t<h2 class=\"elementor-heading-title elementor-size-default\">Programas de capacitaci\u00f3n<\/h2>\t\t<\/div>\n\t\t\t\t<\/div>\n\t\t\t\t\t<\/div>\n\t\t<\/div>\n\t\t\t\t\t\t\t<\/div>\n\t\t<\/section>\n\t\t\t\t<section class=\"elementor-section elementor-top-section elementor-element elementor-element-ffbb136 elementor-section-boxed elementor-section-height-default elementor-section-height-default\" data-id=\"ffbb136\" data-element_type=\"section\">\n\t\t\t\t\t\t<div class=\"elementor-container elementor-column-gap-default\">\n\t\t\t\t\t<div class=\"elementor-column elementor-col-100 elementor-top-column elementor-element elementor-element-6ef2f799\" data-id=\"6ef2f799\" data-element_type=\"column\">\n\t\t\t<div class=\"elementor-widget-wrap elementor-element-populated\">\n\t\t\t\t\t\t\t\t<div class=\"elementor-element elementor-element-42f5b5cc elementor-widget elementor-widget-text-editor\" data-id=\"42f5b5cc\" data-element_type=\"widget\" data-widget_type=\"text-editor.default\">\n\t\t\t\t<div class=\"elementor-widget-container\">\n\t\t\t\t\t<div class=\"elementor-text-editor elementor-clearfix\"><p><strong>Formaci\u00f3n Pol\u00edtica con Enfoque de G\u00e9nero dirigido a Asamble\u00edstas, Asesores y Funcionarios Legislativos.<\/strong><\/p><p><strong>\u00a0<\/strong>Tiene como objetivo Fortalecer las capacidades t\u00e9cnicas especializadas de los Asamble\u00edstas, Asesores y Funcionarios Legislativos.<\/p><p>Promueve el conocimiento de los funcionarios legislativos, a fin de emitir y crear leyes m\u00e1s incluyentes en beneficio de la sociedad.<\/p><\/div>\n\t\t\t\t<\/div>\n\t\t\t\t<\/div>\n\t\t\t\t\t<\/div>\n\t\t<\/div>\n\t\t\t\t\t\t\t<\/div>\n\t\t<\/section>\n\t\t\t\t<section class=\"elementor-section elementor-top-section elementor-element elementor-element-137b315b elementor-section-boxed elementor-section-height-default elementor-section-height-default\" data-id=\"137b315b\" data-element_type=\"section\">\n\t\t\t\t\t\t<div class=\"elementor-container elementor-column-gap-default\">\n\t\t\t\t\t<div class=\"elementor-column elementor-col-100 elementor-top-column elementor-element elementor-element-1bf84932\" data-id=\"1bf84932\" data-element_type=\"column\">\n\t\t\t<div class=\"elementor-widget-wrap elementor-element-populated\">\n\t\t\t\t\t\t\t\t<div class=\"elementor-element elementor-element-3791ca95 elementor-widget elementor-widget-text-editor\" data-id=\"3791ca95\" data-element_type=\"widget\" data-widget_type=\"text-editor.default\">\n\t\t\t\t<div class=\"elementor-widget-container\">\n\t\t\t\t\t<div class=\"elementor-text-editor elementor-clearfix\"><p><strong>Experto Parlamentario y T\u00e9cnica Legislativa: Formaci\u00f3n Especializada<\/strong><\/p><p>Su objetivo principal es Fortalecer la formaci\u00f3n especializada de las y los Asamble\u00edstas, asesores y funcionarios legislativos en T\u00e9cnica Legislativa y Argumentaci\u00f3n Parlamentaria, a fin de generar leyes con contenidos de calidad.<\/p><p>Facilita la formaci\u00f3n acad\u00e9mica de las y los Asamble\u00edstas, Asesores y Funcionarios Legislativos que les permita el debate nacional, con el fin de generar propuestas de leyes e iniciativas que contribuyan al fortalecimiento de la democracia en el pa\u00eds.<\/p><p><strong>Parlamento Abierto<\/strong><\/p><p>Capacitar al personal legislativo en el proceso de la aplicaci\u00f3n del Parlamento Abierto de la Asamblea Nacional del Ecuador, abriendo espacios para que la ciudadan\u00eda tenga acceso a la informaci\u00f3n del quehacer legislativo.<\/p><p><strong>\u00a0<\/strong><strong>Eje de Investigaci\u00f3n<\/strong><\/p><ul><li>Dise\u00f1ar, dirigir o coordinar el desarrollo de proyectos de investigaci\u00f3n especializada en \u00e1reas del conocimiento vinculadas con el quehacer legislativo, parlamentario y el control pol\u00edtico;<\/li><li>Promover la cooperaci\u00f3n para el desarrollo de programas de investigaci\u00f3n y formaci\u00f3n con universidades, organismos internacionales, organizaciones no gubernamentales e instituciones nacionales de car\u00e1cter p\u00fablico y privado;<\/li><\/ul><p>\u00a0<\/p><p><strong>Proyectos y actividades de Investigaci\u00f3n<\/strong><\/p><p><strong>Formulaci\u00f3n y desarrollo de proyecto de investigaci\u00f3n legislativa.<\/strong><\/p><p>El objetivo es vincular a la academia en el quehacer legislativo, para que la ciencia sea incorporada en la formaci\u00f3n de las leyes, mediante investigaciones de temas de inter\u00e9s mutuo, realizadas por investigadores universitarios y de otras instituciones p\u00fablicas y privadas.<\/p><p><strong>Programas de Investigaci\u00f3n<\/strong><\/p><p><strong>\u00a0<\/strong><strong>Curso para elaboraci\u00f3n de art\u00edculos acad\u00e9micos.<\/strong><\/p><p>El objetivo es explicar las principales estrategias de investigaci\u00f3n social, las caracter\u00edsticas y exigencias de un art\u00edculo acad\u00e9mico.<\/p><p><strong>Encuentro de unidades de investigaci\u00f3n universitaria.<\/strong><\/p><p>El objetivo es reflexionar sobre la aportaci\u00f3n de la academia con insumos de excelencia y pertinencia a nivel te\u00f3rico y t\u00e9cnico, que aporten cualitativamente a los procesos legislativos de la Asamblea Nacional.<\/p><\/div>\n\t\t\t\t<\/div>\n\t\t\t\t<\/div>\n\t\t\t\t\t<\/div>\n\t\t<\/div>\n\t\t\t\t\t\t\t<\/div>\n\t\t<\/section>\n\t\t\t\t\t\t<\/div>\n\t\t\t\t\t<\/div>\n\t\t","protected":false},"excerpt":{"rendered":"<p>Programas de capacitaci\u00f3n Formaci\u00f3n Pol\u00edtica con Enfoque de G\u00e9nero dirigido a Asamble\u00edstas, Asesores y Funcionarios Legislativos. \u00a0Tiene como objetivo Fortalecer las capacidades t\u00e9cnicas especializadas de los Asamble\u00edstas, Asesores y Funcionarios Legislativos. Promueve el conocimiento de los funcionarios legislativos, a fin de emitir y crear leyes m\u00e1s incluyentes en beneficio de la sociedad. Experto Parlamentario y [&hellip;]<\/p>\n","protected":false},"author":1,"featured_media":0,"parent":0,"menu_order":0,"comment_status":"closed","ping_status":"closed","template":"","meta":{"footnotes":""},"class_list":["post-739","page","type-page","status-publish","hentry"],"_links":{"self":[{"href":"https:\/\/participacion.asambleanacional.gob.ec\/index.php?rest_route=\/wp\/v2\/pages\/739","targetHints":{"allow":["GET"]}}],"collection":[{"href":"https:\/\/participacion.asambleanacional.gob.ec\/index.php?rest_route=\/wp\/v2\/pages"}],"about":[{"href":"https:\/\/participacion.asambleanacional.gob.ec\/index.php?rest_route=\/wp\/v2\/types\/page"}],"author":[{"embeddable":true,"href":"https:\/\/participacion.asambleanacional.gob.ec\/index.php?rest_route=\/wp\/v2\/users\/1"}],"replies":[{"embeddable":true,"href":"https:\/\/participacion.asambleanacional.gob.ec\/index.php?rest_route=%2Fwp%2Fv2%2Fcomments&post=739"}],"version-history":[{"count":8,"href":"https:\/\/participacion.asambleanacional.gob.ec\/index.php?rest_route=\/wp\/v2\/pages\/739\/revisions"}],"predecessor-version":[{"id":814,"href":"https:\/\/participacion.asambleanacional.gob.ec\/index.php?rest_route=\/wp\/v2\/pages\/739\/revisions\/814"}],"wp:attachment":[{"href":"https:\/\/participacion.asambleanacional.gob.ec\/index.php?rest_route=%2Fwp%2Fv2%2Fmedia&parent=739"}],"curies":[{"name":"wp","href":"https:\/\/api.w.org\/{rel}","templated":true}]}}