{"id":287,"date":"2021-07-26T10:15:38","date_gmt":"2021-07-26T15:15:38","guid":{"rendered":"http:\/\/participacion.asambleanacional.gob.ec\/?page_id=287"},"modified":"2021-11-09T19:11:45","modified_gmt":"2021-11-10T00:11:45","slug":"la-asamblea-en-mi-organizacion","status":"publish","type":"page","link":"https:\/\/participacion.asambleanacional.gob.ec\/?page_id=287","title":{"rendered":"La Asamblea en mi Organizaci\u00f3n"},"content":{"rendered":"\t\t<div data-elementor-type=\"wp-page\" data-elementor-id=\"287\" class=\"elementor elementor-287\" data-elementor-settings=\"[]\">\n\t\t\t\t\t\t\t<div class=\"elementor-section-wrap\">\n\t\t\t\t\t\t\t<section class=\"elementor-section elementor-top-section elementor-element elementor-element-42f87be3 elementor-section-boxed elementor-section-height-default elementor-section-height-default\" data-id=\"42f87be3\" data-element_type=\"section\">\n\t\t\t\t\t\t<div class=\"elementor-container elementor-column-gap-default\">\n\t\t\t\t\t<div class=\"elementor-column elementor-col-33 elementor-top-column elementor-element elementor-element-35d5a37c\" data-id=\"35d5a37c\" data-element_type=\"column\">\n\t\t\t<div class=\"elementor-widget-wrap elementor-element-populated\">\n\t\t\t\t\t\t\t\t<div class=\"elementor-element elementor-element-1a3ba0fc elementor-widget elementor-widget-text-editor\" data-id=\"1a3ba0fc\" data-element_type=\"widget\" data-widget_type=\"text-editor.default\">\n\t\t\t\t<div class=\"elementor-widget-container\">\n\t\t\t\t\t<div class=\"elementor-text-editor elementor-clearfix\"><p><a href=\"http:\/\/participacion.asambleanacional.gob.ec\/\"><img loading=\"lazy\" decoding=\"async\" class=\"alignnone size-medium wp-image-162\" src=\"http:\/\/participacion.asambleanacional.gob.ec\/wp-content\/uploads\/2021\/07\/LOGO-AN-2021-300x133.png\" alt=\"\" width=\"300\" height=\"133\" srcset=\"https:\/\/participacion.asambleanacional.gob.ec\/wp-content\/uploads\/2021\/07\/LOGO-AN-2021-300x133.png 300w, https:\/\/participacion.asambleanacional.gob.ec\/wp-content\/uploads\/2021\/07\/LOGO-AN-2021-1024x454.png 1024w, https:\/\/participacion.asambleanacional.gob.ec\/wp-content\/uploads\/2021\/07\/LOGO-AN-2021-768x341.png 768w, https:\/\/participacion.asambleanacional.gob.ec\/wp-content\/uploads\/2021\/07\/LOGO-AN-2021-1536x682.png 1536w, https:\/\/participacion.asambleanacional.gob.ec\/wp-content\/uploads\/2021\/07\/LOGO-AN-2021.png 1785w\" sizes=\"auto, (max-width: 300px) 100vw, 300px\" \/><\/a><\/p><\/div>\n\t\t\t\t<\/div>\n\t\t\t\t<\/div>\n\t\t\t\t\t<\/div>\n\t\t<\/div>\n\t\t\t\t<div class=\"elementor-column elementor-col-66 elementor-top-column elementor-element elementor-element-6b9a8ee\" data-id=\"6b9a8ee\" data-element_type=\"column\">\n\t\t\t<div class=\"elementor-widget-wrap elementor-element-populated\">\n\t\t\t\t\t\t\t\t<div class=\"elementor-element elementor-element-6073f730 elementor-nav-menu--indicator-none elementor-nav-menu--dropdown-tablet elementor-nav-menu__text-align-aside elementor-nav-menu--toggle elementor-nav-menu--burger elementor-widget elementor-widget-nav-menu\" data-id=\"6073f730\" data-element_type=\"widget\" data-settings=\"{&quot;layout&quot;:&quot;horizontal&quot;,&quot;toggle&quot;:&quot;burger&quot;}\" data-widget_type=\"nav-menu.default\">\n\t\t\t\t<div class=\"elementor-widget-container\">\n\t\t\t\t\t\t<nav role=\"navigation\" class=\"elementor-nav-menu--main elementor-nav-menu__container elementor-nav-menu--layout-horizontal e--pointer-underline e--animation-fade\"><ul id=\"menu-1-6073f730\" class=\"elementor-nav-menu\"><li class=\"menu-item menu-item-type-custom menu-item-object-custom menu-item-2865\"><a href=\"?page_id=1406\" class=\"elementor-item\">Inicio<\/a><\/li>\n<li class=\"menu-item menu-item-type-custom menu-item-object-custom menu-item-has-children menu-item-1567\"><a href=\"#\" class=\"elementor-item elementor-item-anchor\">Coordinaci\u00f3n de Participaci\u00f3n Ciudadana<\/a>\n<ul class=\"sub-menu elementor-nav-menu--dropdown\">\n\t<li class=\"menu-item menu-item-type-post_type menu-item-object-page menu-item-2861\"><a href=\"https:\/\/participacion.asambleanacional.gob.ec\/?page_id=2010\" class=\"elementor-sub-item\">Qui\u00e9nes Somos<\/a><\/li>\n<\/ul>\n<\/li>\n<li class=\"menu-item menu-item-type-post_type menu-item-object-page menu-item-has-children menu-item-3076\"><a href=\"https:\/\/participacion.asambleanacional.gob.ec\/?page_id=2423\" class=\"elementor-item\">Casas Legislativas<\/a>\n<ul class=\"sub-menu elementor-nav-menu--dropdown\">\n\t<li class=\"menu-item menu-item-type-custom menu-item-object-custom menu-item-has-children menu-item-1846\"><a href=\"#\" class=\"elementor-sub-item elementor-item-anchor\">Formularios<\/a>\n\t<ul class=\"sub-menu elementor-nav-menu--dropdown\">\n\t\t<li class=\"menu-item menu-item-type-custom menu-item-object-custom menu-item-1726\"><a href=\"https:\/\/encuestas.asambleanacional.gob.ec\/index.php\/644793?lang=es\" class=\"elementor-sub-item\">Formulario uso de las Casas Legislativas y\/o Bienes<\/a><\/li>\n\t\t<li class=\"menu-item menu-item-type-custom menu-item-object-custom menu-item-1845\"><a href=\"https:\/\/encuestas.asambleanacional.gob.ec\/index.php\/671486?lang=es\" class=\"elementor-sub-item\">Formulario Apoyo En Territorio<\/a><\/li>\n\t\t<li class=\"menu-item menu-item-type-custom menu-item-object-custom menu-item-1847\"><a href=\"https:\/\/encuestas.asambleanacional.gob.ec\/index.php\/792889?lang=es\" class=\"elementor-sub-item\">Formulario Solicitud De Capacitaci\u00f3n<\/a><\/li>\n\t\t<li class=\"menu-item menu-item-type-custom menu-item-object-custom menu-item-1848\"><a href=\"https:\/\/encuestas.asambleanacional.gob.ec\/index.php\/428831?lang=es\" class=\"elementor-sub-item\">Encuesta De Satisfacci\u00f3n Gesti\u00f3n De Casas Legislativas<\/a><\/li>\n\t<\/ul>\n<\/li>\n<\/ul>\n<\/li>\n<li class=\"menu-item menu-item-type-post_type menu-item-object-page menu-item-has-children menu-item-2974\"><a href=\"https:\/\/participacion.asambleanacional.gob.ec\/?page_id=1843\" class=\"elementor-item\">Vinculaci\u00f3n y Participaci\u00f3n<\/a>\n<ul class=\"sub-menu elementor-nav-menu--dropdown\">\n\t<li class=\"menu-item menu-item-type-post_type menu-item-object-page menu-item-has-children menu-item-3159\"><a href=\"https:\/\/participacion.asambleanacional.gob.ec\/?page_id=3071\" class=\"elementor-sub-item\">Mecanismos de Participaci\u00f3n Ciudadana<\/a>\n\t<ul class=\"sub-menu elementor-nav-menu--dropdown\">\n\t\t<li class=\"menu-item menu-item-type-post_type menu-item-object-page menu-item-2981\"><a href=\"https:\/\/participacion.asambleanacional.gob.ec\/?page_id=1933\" class=\"elementor-sub-item\">Consulta Prelegislativa<\/a><\/li>\n\t\t<li class=\"menu-item menu-item-type-post_type menu-item-object-page menu-item-2985\"><a href=\"https:\/\/participacion.asambleanacional.gob.ec\/?page_id=1944\" class=\"elementor-sub-item\">Asamble\u00edsta por un D\u00eda<\/a><\/li>\n\t\t<li class=\"menu-item menu-item-type-post_type menu-item-object-page menu-item-has-children menu-item-2995\"><a href=\"https:\/\/participacion.asambleanacional.gob.ec\/?page_id=1946\" class=\"elementor-sub-item\">Recepci\u00f3n de Sugerencias y Observaciones<\/a>\n\t\t<ul class=\"sub-menu elementor-nav-menu--dropdown\">\n\t\t\t<li class=\"menu-item menu-item-type-post_type menu-item-object-page menu-item-3014\"><a href=\"https:\/\/participacion.asambleanacional.gob.ec\/?page_id=1948\" class=\"elementor-sub-item\">Participacion Ciudadana en Comisiones Generales<\/a><\/li>\n\t\t\t<li class=\"menu-item menu-item-type-post_type menu-item-object-page menu-item-3015\"><a href=\"https:\/\/participacion.asambleanacional.gob.ec\/?page_id=1950\" class=\"elementor-sub-item\">Plataforma Virtual Participa 2.0<\/a><\/li>\n\t\t\t<li class=\"menu-item menu-item-type-post_type menu-item-object-page menu-item-3016\"><a href=\"https:\/\/participacion.asambleanacional.gob.ec\/?page_id=1952\" class=\"elementor-sub-item\">Simulaciones Parlamentarias<\/a><\/li>\n\t\t<\/ul>\n<\/li>\n\t\t<li class=\"menu-item menu-item-type-post_type menu-item-object-page menu-item-3032\"><a href=\"https:\/\/participacion.asambleanacional.gob.ec\/?page_id=1954\" class=\"elementor-sub-item\">Foros de Consulta<\/a><\/li>\n\t\t<li class=\"menu-item menu-item-type-post_type menu-item-object-page menu-item-3036\"><a href=\"https:\/\/participacion.asambleanacional.gob.ec\/?page_id=1956\" class=\"elementor-sub-item\">Mesas Itinerantes<\/a><\/li>\n\t<\/ul>\n<\/li>\n\t<li class=\"menu-item menu-item-type-post_type menu-item-object-page menu-item-has-children menu-item-3043\"><a href=\"https:\/\/participacion.asambleanacional.gob.ec\/?page_id=1931\" class=\"elementor-sub-item\">Mecanismos de Interacci\u00f3n<\/a>\n\t<ul class=\"sub-menu elementor-nav-menu--dropdown\">\n\t\t<li class=\"menu-item menu-item-type-post_type menu-item-object-page menu-item-3044\"><a href=\"https:\/\/participacion.asambleanacional.gob.ec\/?page_id=1958\" class=\"elementor-sub-item\">Ruta Legislativa<\/a><\/li>\n\t\t<li class=\"menu-item menu-item-type-post_type menu-item-object-page menu-item-3048\"><a href=\"https:\/\/participacion.asambleanacional.gob.ec\/?page_id=1961\" class=\"elementor-sub-item\">Visitas Guiadas<\/a><\/li>\n\t<\/ul>\n<\/li>\n<\/ul>\n<\/li>\n<li class=\"menu-item menu-item-type-post_type menu-item-object-page menu-item-has-children menu-item-2885\"><a href=\"https:\/\/participacion.asambleanacional.gob.ec\/?page_id=2070\" class=\"elementor-item\">Escuela Legislativa<\/a>\n<ul class=\"sub-menu elementor-nav-menu--dropdown\">\n\t<li class=\"menu-item menu-item-type-post_type menu-item-object-page menu-item-2895\"><a href=\"https:\/\/participacion.asambleanacional.gob.ec\/?page_id=2136\" class=\"elementor-sub-item\">Convenios Acad\u00e9micos<\/a><\/li>\n\t<li class=\"menu-item menu-item-type-custom menu-item-object-custom menu-item-2208\"><a href=\"#\" class=\"elementor-sub-item elementor-item-anchor\">Capacitaciones<\/a><\/li>\n\t<li class=\"menu-item menu-item-type-post_type menu-item-object-page menu-item-3227\"><a href=\"https:\/\/participacion.asambleanacional.gob.ec\/?page_id=2131\" class=\"elementor-sub-item\">Investigaci\u00f3n Aplicada<\/a><\/li>\n<\/ul>\n<\/li>\n<\/ul><\/nav>\n\t\t\t\t\t<div class=\"elementor-menu-toggle\" role=\"button\" tabindex=\"0\" aria-label=\"Menu Toggle\" aria-expanded=\"false\">\n\t\t\t<i class=\"eicon-menu-bar\" aria-hidden=\"true\"><\/i>\n\t\t\t<span class=\"elementor-screen-only\">Menu<\/span>\n\t\t<\/div>\n\t\t\t<nav class=\"elementor-nav-menu--dropdown elementor-nav-menu__container\" role=\"navigation\" aria-hidden=\"true\"><ul id=\"menu-2-6073f730\" class=\"elementor-nav-menu\"><li class=\"menu-item menu-item-type-custom menu-item-object-custom menu-item-2865\"><a href=\"?page_id=1406\" class=\"elementor-item\">Inicio<\/a><\/li>\n<li class=\"menu-item menu-item-type-custom menu-item-object-custom menu-item-has-children menu-item-1567\"><a href=\"#\" class=\"elementor-item elementor-item-anchor\">Coordinaci\u00f3n de Participaci\u00f3n Ciudadana<\/a>\n<ul class=\"sub-menu elementor-nav-menu--dropdown\">\n\t<li class=\"menu-item menu-item-type-post_type menu-item-object-page menu-item-2861\"><a href=\"https:\/\/participacion.asambleanacional.gob.ec\/?page_id=2010\" class=\"elementor-sub-item\">Qui\u00e9nes Somos<\/a><\/li>\n<\/ul>\n<\/li>\n<li class=\"menu-item menu-item-type-post_type menu-item-object-page menu-item-has-children menu-item-3076\"><a href=\"https:\/\/participacion.asambleanacional.gob.ec\/?page_id=2423\" class=\"elementor-item\">Casas Legislativas<\/a>\n<ul class=\"sub-menu elementor-nav-menu--dropdown\">\n\t<li class=\"menu-item menu-item-type-custom menu-item-object-custom menu-item-has-children menu-item-1846\"><a href=\"#\" class=\"elementor-sub-item elementor-item-anchor\">Formularios<\/a>\n\t<ul class=\"sub-menu elementor-nav-menu--dropdown\">\n\t\t<li class=\"menu-item menu-item-type-custom menu-item-object-custom menu-item-1726\"><a href=\"https:\/\/encuestas.asambleanacional.gob.ec\/index.php\/644793?lang=es\" class=\"elementor-sub-item\">Formulario uso de las Casas Legislativas y\/o Bienes<\/a><\/li>\n\t\t<li class=\"menu-item menu-item-type-custom menu-item-object-custom menu-item-1845\"><a href=\"https:\/\/encuestas.asambleanacional.gob.ec\/index.php\/671486?lang=es\" class=\"elementor-sub-item\">Formulario Apoyo En Territorio<\/a><\/li>\n\t\t<li class=\"menu-item menu-item-type-custom menu-item-object-custom menu-item-1847\"><a href=\"https:\/\/encuestas.asambleanacional.gob.ec\/index.php\/792889?lang=es\" class=\"elementor-sub-item\">Formulario Solicitud De Capacitaci\u00f3n<\/a><\/li>\n\t\t<li class=\"menu-item menu-item-type-custom menu-item-object-custom menu-item-1848\"><a href=\"https:\/\/encuestas.asambleanacional.gob.ec\/index.php\/428831?lang=es\" class=\"elementor-sub-item\">Encuesta De Satisfacci\u00f3n Gesti\u00f3n De Casas Legislativas<\/a><\/li>\n\t<\/ul>\n<\/li>\n<\/ul>\n<\/li>\n<li class=\"menu-item menu-item-type-post_type menu-item-object-page menu-item-has-children menu-item-2974\"><a href=\"https:\/\/participacion.asambleanacional.gob.ec\/?page_id=1843\" class=\"elementor-item\">Vinculaci\u00f3n y Participaci\u00f3n<\/a>\n<ul class=\"sub-menu elementor-nav-menu--dropdown\">\n\t<li class=\"menu-item menu-item-type-post_type menu-item-object-page menu-item-has-children menu-item-3159\"><a href=\"https:\/\/participacion.asambleanacional.gob.ec\/?page_id=3071\" class=\"elementor-sub-item\">Mecanismos de Participaci\u00f3n Ciudadana<\/a>\n\t<ul class=\"sub-menu elementor-nav-menu--dropdown\">\n\t\t<li class=\"menu-item menu-item-type-post_type menu-item-object-page menu-item-2981\"><a href=\"https:\/\/participacion.asambleanacional.gob.ec\/?page_id=1933\" class=\"elementor-sub-item\">Consulta Prelegislativa<\/a><\/li>\n\t\t<li class=\"menu-item menu-item-type-post_type menu-item-object-page menu-item-2985\"><a href=\"https:\/\/participacion.asambleanacional.gob.ec\/?page_id=1944\" class=\"elementor-sub-item\">Asamble\u00edsta por un D\u00eda<\/a><\/li>\n\t\t<li class=\"menu-item menu-item-type-post_type menu-item-object-page menu-item-has-children menu-item-2995\"><a href=\"https:\/\/participacion.asambleanacional.gob.ec\/?page_id=1946\" class=\"elementor-sub-item\">Recepci\u00f3n de Sugerencias y Observaciones<\/a>\n\t\t<ul class=\"sub-menu elementor-nav-menu--dropdown\">\n\t\t\t<li class=\"menu-item menu-item-type-post_type menu-item-object-page menu-item-3014\"><a href=\"https:\/\/participacion.asambleanacional.gob.ec\/?page_id=1948\" class=\"elementor-sub-item\">Participacion Ciudadana en Comisiones Generales<\/a><\/li>\n\t\t\t<li class=\"menu-item menu-item-type-post_type menu-item-object-page menu-item-3015\"><a href=\"https:\/\/participacion.asambleanacional.gob.ec\/?page_id=1950\" class=\"elementor-sub-item\">Plataforma Virtual Participa 2.0<\/a><\/li>\n\t\t\t<li class=\"menu-item menu-item-type-post_type menu-item-object-page menu-item-3016\"><a href=\"https:\/\/participacion.asambleanacional.gob.ec\/?page_id=1952\" class=\"elementor-sub-item\">Simulaciones Parlamentarias<\/a><\/li>\n\t\t<\/ul>\n<\/li>\n\t\t<li class=\"menu-item menu-item-type-post_type menu-item-object-page menu-item-3032\"><a href=\"https:\/\/participacion.asambleanacional.gob.ec\/?page_id=1954\" class=\"elementor-sub-item\">Foros de Consulta<\/a><\/li>\n\t\t<li class=\"menu-item menu-item-type-post_type menu-item-object-page menu-item-3036\"><a href=\"https:\/\/participacion.asambleanacional.gob.ec\/?page_id=1956\" class=\"elementor-sub-item\">Mesas Itinerantes<\/a><\/li>\n\t<\/ul>\n<\/li>\n\t<li class=\"menu-item menu-item-type-post_type menu-item-object-page menu-item-has-children menu-item-3043\"><a href=\"https:\/\/participacion.asambleanacional.gob.ec\/?page_id=1931\" class=\"elementor-sub-item\">Mecanismos de Interacci\u00f3n<\/a>\n\t<ul class=\"sub-menu elementor-nav-menu--dropdown\">\n\t\t<li class=\"menu-item menu-item-type-post_type menu-item-object-page menu-item-3044\"><a href=\"https:\/\/participacion.asambleanacional.gob.ec\/?page_id=1958\" class=\"elementor-sub-item\">Ruta Legislativa<\/a><\/li>\n\t\t<li class=\"menu-item menu-item-type-post_type menu-item-object-page menu-item-3048\"><a href=\"https:\/\/participacion.asambleanacional.gob.ec\/?page_id=1961\" class=\"elementor-sub-item\">Visitas Guiadas<\/a><\/li>\n\t<\/ul>\n<\/li>\n<\/ul>\n<\/li>\n<li class=\"menu-item menu-item-type-post_type menu-item-object-page menu-item-has-children menu-item-2885\"><a href=\"https:\/\/participacion.asambleanacional.gob.ec\/?page_id=2070\" class=\"elementor-item\">Escuela Legislativa<\/a>\n<ul class=\"sub-menu elementor-nav-menu--dropdown\">\n\t<li class=\"menu-item menu-item-type-post_type menu-item-object-page menu-item-2895\"><a href=\"https:\/\/participacion.asambleanacional.gob.ec\/?page_id=2136\" class=\"elementor-sub-item\">Convenios Acad\u00e9micos<\/a><\/li>\n\t<li class=\"menu-item menu-item-type-custom menu-item-object-custom menu-item-2208\"><a href=\"#\" class=\"elementor-sub-item elementor-item-anchor\">Capacitaciones<\/a><\/li>\n\t<li class=\"menu-item menu-item-type-post_type menu-item-object-page menu-item-3227\"><a href=\"https:\/\/participacion.asambleanacional.gob.ec\/?page_id=2131\" class=\"elementor-sub-item\">Investigaci\u00f3n Aplicada<\/a><\/li>\n<\/ul>\n<\/li>\n<\/ul><\/nav>\n\t\t\t\t<\/div>\n\t\t\t\t<\/div>\n\t\t\t\t\t<\/div>\n\t\t<\/div>\n\t\t\t\t\t\t\t<\/div>\n\t\t<\/section>\n\t\t\t\t<section class=\"elementor-section elementor-top-section elementor-element elementor-element-2ff1b4b elementor-section-boxed elementor-section-height-default elementor-section-height-default\" data-id=\"2ff1b4b\" data-element_type=\"section\">\n\t\t\t\t\t\t<div class=\"elementor-container elementor-column-gap-default\">\n\t\t\t\t\t<div class=\"elementor-column elementor-col-100 elementor-top-column elementor-element elementor-element-e12c3da\" data-id=\"e12c3da\" data-element_type=\"column\">\n\t\t\t<div class=\"elementor-widget-wrap elementor-element-populated\">\n\t\t\t\t\t\t\t\t<div class=\"elementor-element elementor-element-3da555e elementor-widget elementor-widget-heading\" data-id=\"3da555e\" data-element_type=\"widget\" data-widget_type=\"heading.default\">\n\t\t\t\t<div class=\"elementor-widget-container\">\n\t\t\t<h2 class=\"elementor-heading-title elementor-size-default\">La Asamblea en mi Organizaci\u00f3n<\/h2>\t\t<\/div>\n\t\t\t\t<\/div>\n\t\t\t\t\t<\/div>\n\t\t<\/div>\n\t\t\t\t\t\t\t<\/div>\n\t\t<\/section>\n\t\t\t\t<section class=\"elementor-section elementor-top-section elementor-element elementor-element-3c5879fb elementor-section-boxed elementor-section-height-default elementor-section-height-default\" data-id=\"3c5879fb\" data-element_type=\"section\">\n\t\t\t\t\t\t<div class=\"elementor-container elementor-column-gap-default\">\n\t\t\t\t\t<div class=\"elementor-column elementor-col-100 elementor-top-column elementor-element elementor-element-273bcc9c\" data-id=\"273bcc9c\" data-element_type=\"column\">\n\t\t\t<div class=\"elementor-widget-wrap elementor-element-populated\">\n\t\t\t\t\t\t\t\t<div class=\"elementor-element elementor-element-7000334 elementor-widget elementor-widget-text-editor\" data-id=\"7000334\" data-element_type=\"widget\" data-widget_type=\"text-editor.default\">\n\t\t\t\t<div class=\"elementor-widget-container\">\n\t\t\t\t\t<div class=\"elementor-text-editor elementor-clearfix\"><p><!-- wp:paragraph --><\/p><p>Esta experiencia permitir\u00e1 a los miembros de la organizaci\u00f3n reforzar conocimientos y destrezas sobre la coyuntura nacional, historia parlamentaria, el logro de consensos, la soluci\u00f3n pac\u00edfica y democr\u00e1tica de conflictos y el respeto a las diferencias; herramientas que ser\u00e1n de mucha utilidad en su vida personal, estudiantil y profesional.<\/p><p><!-- \/wp:paragraph --><\/p><\/div>\n\t\t\t\t<\/div>\n\t\t\t\t<\/div>\n\t\t\t\t\t<\/div>\n\t\t<\/div>\n\t\t\t\t\t\t\t<\/div>\n\t\t<\/section>\n\t\t\t\t\t\t<\/div>\n\t\t\t\t\t<\/div>\n\t\t","protected":false},"excerpt":{"rendered":"<p>La Asamblea en mi Organizaci\u00f3n Esta experiencia permitir\u00e1 a los miembros de la organizaci\u00f3n reforzar conocimientos y destrezas sobre la coyuntura nacional, historia parlamentaria, el logro de consensos, la soluci\u00f3n pac\u00edfica y democr\u00e1tica de conflictos y el respeto a las diferencias; herramientas que ser\u00e1n de mucha utilidad en su vida personal, estudiantil y profesional.<\/p>\n","protected":false},"author":1,"featured_media":0,"parent":0,"menu_order":0,"comment_status":"closed","ping_status":"closed","template":"","meta":{"footnotes":""},"class_list":["post-287","page","type-page","status-publish","hentry"],"_links":{"self":[{"href":"https:\/\/participacion.asambleanacional.gob.ec\/index.php?rest_route=\/wp\/v2\/pages\/287","targetHints":{"allow":["GET"]}}],"collection":[{"href":"https:\/\/participacion.asambleanacional.gob.ec\/index.php?rest_route=\/wp\/v2\/pages"}],"about":[{"href":"https:\/\/participacion.asambleanacional.gob.ec\/index.php?rest_route=\/wp\/v2\/types\/page"}],"author":[{"embeddable":true,"href":"https:\/\/participacion.asambleanacional.gob.ec\/index.php?rest_route=\/wp\/v2\/users\/1"}],"replies":[{"embeddable":true,"href":"https:\/\/participacion.asambleanacional.gob.ec\/index.php?rest_route=%2Fwp%2Fv2%2Fcomments&post=287"}],"version-history":[{"count":13,"href":"https:\/\/participacion.asambleanacional.gob.ec\/index.php?rest_route=\/wp\/v2\/pages\/287\/revisions"}],"predecessor-version":[{"id":635,"href":"https:\/\/participacion.asambleanacional.gob.ec\/index.php?rest_route=\/wp\/v2\/pages\/287\/revisions\/635"}],"wp:attachment":[{"href":"https:\/\/participacion.asambleanacional.gob.ec\/index.php?rest_route=%2Fwp%2Fv2%2Fmedia&parent=287"}],"curies":[{"name":"wp","href":"https:\/\/api.w.org\/{rel}","templated":true}]}}